{"id":305,"date":"2025-06-27T02:56:17","date_gmt":"2025-06-27T02:56:17","guid":{"rendered":"https:\/\/wellbasdscho.de\/?page_id=305"},"modified":"2025-06-27T02:58:37","modified_gmt":"2025-06-27T02:58:37","slug":"impressum","status":"publish","type":"page","link":"https:\/\/wellbasdscho.de\/?page_id=305","title":{"rendered":"Impressum"},"content":{"rendered":"\t\t<div data-elementor-type=\"wp-page\" data-elementor-id=\"305\" class=\"elementor elementor-305\" data-elementor-post-type=\"page\">\n\t\t\t\t<div class=\"elementor-element elementor-element-48ad0bf5 e-flex e-con-boxed e-con e-parent\" data-id=\"48ad0bf5\" data-element_type=\"container\">\n\t\t\t\t\t<div class=\"e-con-inner\">\n\t\t\t\t<div class=\"elementor-element elementor-element-6fd3d2d4 elementor-widget elementor-widget-text-editor\" data-id=\"6fd3d2d4\" data-element_type=\"widget\" data-widget_type=\"text-editor.default\">\n\t\t\t\t<div class=\"elementor-widget-container\">\n\t\t\t\t\t\t\t\t\t<div class=\"wp-block-group alignfull\" style=\"margin-top: 0; margin-bottom: 0; padding: var(--wp--preset--spacing--50);\">\n<p><\/p>\n<h2 class=\"wp-block-heading\">Impressum<\/h2>\n<p><\/p>\n<p><strong>Angaben gem\u00e4\u00df \u00a7 5 TMG<\/strong><\/p>\n<p><\/p>\n<p>WellBasdScho n.e.V.<br>Verein f\u00fcr Sport &amp; Gemeinschaft<br>Gegr\u00fcndet im Januar 2025<br>c\/o Kuo-Yi Chao<br>81677 M\u00fcnchen<\/p>\n<p><\/p>\n<p><strong>Vertreten durch:<\/strong><br>Kuo-Yi Chao<\/p>\n<p><\/p>\n<p><strong>Kontakt:<\/strong><br>E-Mail: info@wellbasdscho.de<\/p>\n<p><\/p>\n<p><strong>Verantwortlich f\u00fcr den Inhalt nach \u00a7 55 Abs. 2 RStV:<\/strong><br>Kuo-Yi Chao<\/p>\n<p><\/p>\n<p>81677 M\u00fcnchen<\/p>\n<p><\/p>\n<hr class=\"wp-block-separator has-alpha-channel-opacity\">\n<p><\/p>\n<h3 class=\"wp-block-heading\">Haftungsausschluss<\/h3>\n<p><\/p>\n<p><strong>Haftung f\u00fcr Inhalte<\/strong><br>Die Inhalte unserer Seiten wurden mit gr\u00f6\u00dfter Sorgfalt erstellt. F\u00fcr die Richtigkeit, Vollst\u00e4ndigkeit und Aktualit\u00e4t der Inhalte k\u00f6nnen wir jedoch keine Gew\u00e4hr \u00fcbernehmen.<\/p>\n<p><\/p>\n<p><strong>Haftung f\u00fcr Links<\/strong><br>Unser Angebot enth\u00e4lt Links zu externen Websites Dritter, auf deren Inhalte wir keinen Einfluss haben. Deshalb k\u00f6nnen wir f\u00fcr diese fremden Inhalte auch keine Gew\u00e4hr \u00fcbernehmen. F\u00fcr die Inhalte der verlinkten Seiten ist stets der jeweilige Anbieter oder Betreiber der Seiten verantwortlich.<\/p>\n<p><\/p>\n<hr class=\"wp-block-separator has-alpha-channel-opacity\">\n<p><\/p>\n<h3 class=\"wp-block-heading\">Urheberrecht<\/h3>\n<p><\/p>\n<p>Die durch die Seitenbetreiber erstellten Inhalte und Werke auf dieser Website unterliegen dem deutschen Urheberrecht. Beitr\u00e4ge Dritter sind als solche gekennzeichnet.<\/p>\n<p><\/p>\n<\/div>\n<p><!-- \/wp:group --><\/p>\t\t\t\t\t\t\t\t<\/div>\n\t\t\t\t<\/div>\n\t\t\t\t\t<\/div>\n\t\t\t\t<\/div>\n\t\t\t\t<\/div>\n\t\t","protected":false},"excerpt":{"rendered":"<p>Impressum Angaben gem\u00e4\u00df \u00a7 5 TMG WellBasdScho n.e.V.Verein f\u00fcr Sport &amp; GemeinschaftGegr\u00fcndet im Januar 2025c\/o Kuo-Yi Chao81677 M\u00fcnchen Vertreten durch:Kuo-Yi Chao Kontakt:E-Mail: info@wellbasdscho.de Verantwortlich f\u00fcr den Inhalt nach \u00a7 55 Abs. 2 RStV:Kuo-Yi Chao 81677 M\u00fcnchen Haftungsausschluss Haftung f\u00fcr InhalteDie Inhalte unserer Seiten wurden mit gr\u00f6\u00dfter Sorgfalt erstellt. F\u00fcr die Richtigkeit, Vollst\u00e4ndigkeit und Aktualit\u00e4t der [&hellip;]<\/p>\n","protected":false},"author":1,"featured_media":0,"parent":0,"menu_order":0,"comment_status":"closed","ping_status":"closed","template":"","meta":{"footnotes":""},"class_list":["post-305","page","type-page","status-publish","hentry"],"_links":{"self":[{"href":"https:\/\/wellbasdscho.de\/index.php?rest_route=\/wp\/v2\/pages\/305","targetHints":{"allow":["GET"]}}],"collection":[{"href":"https:\/\/wellbasdscho.de\/index.php?rest_route=\/wp\/v2\/pages"}],"about":[{"href":"https:\/\/wellbasdscho.de\/index.php?rest_route=\/wp\/v2\/types\/page"}],"author":[{"embeddable":true,"href":"https:\/\/wellbasdscho.de\/index.php?rest_route=\/wp\/v2\/users\/1"}],"replies":[{"embeddable":true,"href":"https:\/\/wellbasdscho.de\/index.php?rest_route=%2Fwp%2Fv2%2Fcomments&post=305"}],"version-history":[{"count":5,"href":"https:\/\/wellbasdscho.de\/index.php?rest_route=\/wp\/v2\/pages\/305\/revisions"}],"predecessor-version":[{"id":314,"href":"https:\/\/wellbasdscho.de\/index.php?rest_route=\/wp\/v2\/pages\/305\/revisions\/314"}],"wp:attachment":[{"href":"https:\/\/wellbasdscho.de\/index.php?rest_route=%2Fwp%2Fv2%2Fmedia&parent=305"}],"curies":[{"name":"wp","href":"https:\/\/api.w.org\/{rel}","templated":true}]}}